{"id":133,"date":"2025-05-12T11:34:09","date_gmt":"2025-05-12T11:34:09","guid":{"rendered":"https:\/\/www.ogrodysta.pl\/?page_id=133"},"modified":"2026-03-05T00:23:49","modified_gmt":"2026-03-05T00:23:49","slug":"warsztaty","status":"publish","type":"page","link":"https:\/\/www.ogrodysta.pl\/?page_id=133","title":{"rendered":"Warsztaty"},"content":{"rendered":"\n<p class=\"has-text-align-center\">Zobacz, jak wygl\u0105daj\u0105 nasze warsztaty \u2013 pe\u0142ne inspiracji, zieleni i wsp\u00f3lnej pracy z ro\u015blinami.<\/p>\n\n\n\n<figure class=\"wp-block-gallery has-nested-images columns-3 wp-block-gallery-1 is-layout-flex wp-block-gallery-is-layout-flex\">\n<figure class=\"wp-block-image size-full\"><a href=\"https:\/\/www.ogrodysta.pl\/wp-content\/uploads\/2026\/03\/20260118_103036-scaled.jpg\"><img loading=\"lazy\" decoding=\"async\" width=\"2560\" height=\"1196\" data-id=\"1259\" src=\"https:\/\/www.ogrodysta.pl\/wp-content\/uploads\/2026\/03\/20260118_103036-scaled.jpg\" alt=\"\" class=\"wp-image-1259\" srcset=\"https:\/\/www.ogrodysta.pl\/wp-content\/uploads\/2026\/03\/20260118_103036-scaled.jpg 2560w, https:\/\/www.ogrodysta.pl\/wp-content\/uploads\/2026\/03\/20260118_103036-300x140.jpg 300w, https:\/\/www.ogrodysta.pl\/wp-content\/uploads\/2026\/03\/20260118_103036-1024x478.jpg 1024w, https:\/\/www.ogrodysta.pl\/wp-content\/uploads\/2026\/03\/20260118_103036-768x359.jpg 768w, https:\/\/www.ogrodysta.pl\/wp-content\/uploads\/2026\/03\/20260118_103036-1536x717.jpg 1536w, https:\/\/www.ogrodysta.pl\/wp-content\/uploads\/2026\/03\/20260118_103036-2048x956.jpg 2048w\" sizes=\"auto, (max-width: 2560px) 100vw, 2560px\" \/><\/a><\/figure>\n\n\n\n<figure class=\"wp-block-image size-full\"><a href=\"https:\/\/www.ogrodysta.pl\/wp-content\/uploads\/2026\/03\/FB_IMG_1768765358953.jpg\"><img loading=\"lazy\" decoding=\"async\" width=\"1170\" height=\"1182\" data-id=\"903\" src=\"https:\/\/www.ogrodysta.pl\/wp-content\/uploads\/2026\/03\/FB_IMG_1768765358953.jpg\" alt=\"\" class=\"wp-image-903\" srcset=\"https:\/\/www.ogrodysta.pl\/wp-content\/uploads\/2026\/03\/FB_IMG_1768765358953.jpg 1170w, https:\/\/www.ogrodysta.pl\/wp-content\/uploads\/2026\/03\/FB_IMG_1768765358953-297x300.jpg 297w, https:\/\/www.ogrodysta.pl\/wp-content\/uploads\/2026\/03\/FB_IMG_1768765358953-1014x1024.jpg 1014w, https:\/\/www.ogrodysta.pl\/wp-content\/uploads\/2026\/03\/FB_IMG_1768765358953-768x776.jpg 768w\" sizes=\"auto, (max-width: 1170px) 100vw, 1170px\" \/><\/a><\/figure>\n\n\n\n<figure class=\"wp-block-image size-full\"><a href=\"https:\/\/www.ogrodysta.pl\/wp-content\/uploads\/2026\/03\/20251207_112711-scaled.jpg\"><img loading=\"lazy\" decoding=\"async\" width=\"2560\" height=\"1196\" data-id=\"1223\" src=\"https:\/\/www.ogrodysta.pl\/wp-content\/uploads\/2026\/03\/20251207_112711-scaled.jpg\" alt=\"\" class=\"wp-image-1223\" srcset=\"https:\/\/www.ogrodysta.pl\/wp-content\/uploads\/2026\/03\/20251207_112711-scaled.jpg 2560w, https:\/\/www.ogrodysta.pl\/wp-content\/uploads\/2026\/03\/20251207_112711-300x140.jpg 300w, https:\/\/www.ogrodysta.pl\/wp-content\/uploads\/2026\/03\/20251207_112711-1024x478.jpg 1024w, https:\/\/www.ogrodysta.pl\/wp-content\/uploads\/2026\/03\/20251207_112711-768x359.jpg 768w, https:\/\/www.ogrodysta.pl\/wp-content\/uploads\/2026\/03\/20251207_112711-1536x717.jpg 1536w, https:\/\/www.ogrodysta.pl\/wp-content\/uploads\/2026\/03\/20251207_112711-2048x956.jpg 2048w\" sizes=\"auto, (max-width: 2560px) 100vw, 2560px\" \/><\/a><\/figure>\n\n\n\n<figure class=\"wp-block-image size-full\"><a href=\"https:\/\/www.ogrodysta.pl\/wp-content\/uploads\/2026\/03\/20251207_112702-scaled.jpg\"><img loading=\"lazy\" decoding=\"async\" width=\"2560\" height=\"1196\" data-id=\"1222\" src=\"https:\/\/www.ogrodysta.pl\/wp-content\/uploads\/2026\/03\/20251207_112702-scaled.jpg\" alt=\"\" class=\"wp-image-1222\" srcset=\"https:\/\/www.ogrodysta.pl\/wp-content\/uploads\/2026\/03\/20251207_112702-scaled.jpg 2560w, https:\/\/www.ogrodysta.pl\/wp-content\/uploads\/2026\/03\/20251207_112702-300x140.jpg 300w, https:\/\/www.ogrodysta.pl\/wp-content\/uploads\/2026\/03\/20251207_112702-1024x478.jpg 1024w, https:\/\/www.ogrodysta.pl\/wp-content\/uploads\/2026\/03\/20251207_112702-768x359.jpg 768w, https:\/\/www.ogrodysta.pl\/wp-content\/uploads\/2026\/03\/20251207_112702-1536x717.jpg 1536w, https:\/\/www.ogrodysta.pl\/wp-content\/uploads\/2026\/03\/20251207_112702-2048x956.jpg 2048w\" sizes=\"auto, (max-width: 2560px) 100vw, 2560px\" \/><\/a><\/figure>\n\n\n\n<figure class=\"wp-block-image size-full\"><a href=\"https:\/\/www.ogrodysta.pl\/wp-content\/uploads\/2026\/03\/20251207_112647-scaled.jpg\"><img loading=\"lazy\" decoding=\"async\" width=\"2560\" height=\"1196\" data-id=\"1221\" src=\"https:\/\/www.ogrodysta.pl\/wp-content\/uploads\/2026\/03\/20251207_112647-scaled.jpg\" alt=\"\" class=\"wp-image-1221\" srcset=\"https:\/\/www.ogrodysta.pl\/wp-content\/uploads\/2026\/03\/20251207_112647-scaled.jpg 2560w, https:\/\/www.ogrodysta.pl\/wp-content\/uploads\/2026\/03\/20251207_112647-300x140.jpg 300w, https:\/\/www.ogrodysta.pl\/wp-content\/uploads\/2026\/03\/20251207_112647-1024x478.jpg 1024w, https:\/\/www.ogrodysta.pl\/wp-content\/uploads\/2026\/03\/20251207_112647-768x359.jpg 768w, https:\/\/www.ogrodysta.pl\/wp-content\/uploads\/2026\/03\/20251207_112647-1536x717.jpg 1536w, https:\/\/www.ogrodysta.pl\/wp-content\/uploads\/2026\/03\/20251207_112647-2048x956.jpg 2048w\" sizes=\"auto, (max-width: 2560px) 100vw, 2560px\" \/><\/a><\/figure>\n\n\n\n<figure class=\"wp-block-image size-full\"><a href=\"https:\/\/www.ogrodysta.pl\/wp-content\/uploads\/2026\/02\/warsztat1-scaled.jpg\"><img loading=\"lazy\" decoding=\"async\" width=\"1920\" height=\"2560\" data-id=\"401\" src=\"https:\/\/www.ogrodysta.pl\/wp-content\/uploads\/2026\/02\/warsztat1-scaled.jpg\" alt=\"\" class=\"wp-image-401\" srcset=\"https:\/\/www.ogrodysta.pl\/wp-content\/uploads\/2026\/02\/warsztat1-scaled.jpg 1920w, https:\/\/www.ogrodysta.pl\/wp-content\/uploads\/2026\/02\/warsztat1-225x300.jpg 225w, https:\/\/www.ogrodysta.pl\/wp-content\/uploads\/2026\/02\/warsztat1-768x1024.jpg 768w, https:\/\/www.ogrodysta.pl\/wp-content\/uploads\/2026\/02\/warsztat1-1152x1536.jpg 1152w, https:\/\/www.ogrodysta.pl\/wp-content\/uploads\/2026\/02\/warsztat1-1536x2048.jpg 1536w\" sizes=\"auto, (max-width: 1920px) 100vw, 1920px\" \/><\/a><\/figure>\n\n\n\n<figure class=\"wp-block-image size-full\"><a href=\"https:\/\/www.ogrodysta.pl\/wp-content\/uploads\/2026\/02\/warsztat2-scaled.jpg\"><img loading=\"lazy\" decoding=\"async\" width=\"1920\" height=\"2560\" data-id=\"407\" src=\"https:\/\/www.ogrodysta.pl\/wp-content\/uploads\/2026\/02\/warsztat2-scaled.jpg\" alt=\"\" class=\"wp-image-407\" srcset=\"https:\/\/www.ogrodysta.pl\/wp-content\/uploads\/2026\/02\/warsztat2-scaled.jpg 1920w, https:\/\/www.ogrodysta.pl\/wp-content\/uploads\/2026\/02\/warsztat2-225x300.jpg 225w, https:\/\/www.ogrodysta.pl\/wp-content\/uploads\/2026\/02\/warsztat2-768x1024.jpg 768w, https:\/\/www.ogrodysta.pl\/wp-content\/uploads\/2026\/02\/warsztat2-1152x1536.jpg 1152w, https:\/\/www.ogrodysta.pl\/wp-content\/uploads\/2026\/02\/warsztat2-1536x2048.jpg 1536w\" sizes=\"auto, (max-width: 1920px) 100vw, 1920px\" \/><\/a><\/figure>\n\n\n\n<figure class=\"wp-block-image size-full\"><a href=\"https:\/\/www.ogrodysta.pl\/wp-content\/uploads\/2026\/02\/warsztat3-scaled.jpg\"><img loading=\"lazy\" decoding=\"async\" width=\"1920\" height=\"2560\" data-id=\"402\" src=\"https:\/\/www.ogrodysta.pl\/wp-content\/uploads\/2026\/02\/warsztat3-scaled.jpg\" alt=\"\" class=\"wp-image-402\" srcset=\"https:\/\/www.ogrodysta.pl\/wp-content\/uploads\/2026\/02\/warsztat3-scaled.jpg 1920w, https:\/\/www.ogrodysta.pl\/wp-content\/uploads\/2026\/02\/warsztat3-225x300.jpg 225w, https:\/\/www.ogrodysta.pl\/wp-content\/uploads\/2026\/02\/warsztat3-768x1024.jpg 768w, https:\/\/www.ogrodysta.pl\/wp-content\/uploads\/2026\/02\/warsztat3-1152x1536.jpg 1152w, https:\/\/www.ogrodysta.pl\/wp-content\/uploads\/2026\/02\/warsztat3-1536x2048.jpg 1536w\" sizes=\"auto, (max-width: 1920px) 100vw, 1920px\" \/><\/a><\/figure>\n\n\n\n<figure class=\"wp-block-image size-full\"><a href=\"https:\/\/www.ogrodysta.pl\/wp-content\/uploads\/2026\/02\/warsztat4-scaled.jpg\"><img loading=\"lazy\" decoding=\"async\" width=\"1920\" height=\"2560\" data-id=\"405\" src=\"https:\/\/www.ogrodysta.pl\/wp-content\/uploads\/2026\/02\/warsztat4-scaled.jpg\" alt=\"\" class=\"wp-image-405\" srcset=\"https:\/\/www.ogrodysta.pl\/wp-content\/uploads\/2026\/02\/warsztat4-scaled.jpg 1920w, https:\/\/www.ogrodysta.pl\/wp-content\/uploads\/2026\/02\/warsztat4-225x300.jpg 225w, https:\/\/www.ogrodysta.pl\/wp-content\/uploads\/2026\/02\/warsztat4-768x1024.jpg 768w, https:\/\/www.ogrodysta.pl\/wp-content\/uploads\/2026\/02\/warsztat4-1152x1536.jpg 1152w, https:\/\/www.ogrodysta.pl\/wp-content\/uploads\/2026\/02\/warsztat4-1536x2048.jpg 1536w\" sizes=\"auto, (max-width: 1920px) 100vw, 1920px\" \/><\/a><\/figure>\n\n\n\n<figure class=\"wp-block-image size-full\"><a href=\"https:\/\/www.ogrodysta.pl\/wp-content\/uploads\/2026\/02\/warsztat10-scaled.jpg\"><img loading=\"lazy\" decoding=\"async\" width=\"1920\" height=\"2560\" data-id=\"404\" src=\"https:\/\/www.ogrodysta.pl\/wp-content\/uploads\/2026\/02\/warsztat10-scaled.jpg\" alt=\"\" class=\"wp-image-404\" srcset=\"https:\/\/www.ogrodysta.pl\/wp-content\/uploads\/2026\/02\/warsztat10-scaled.jpg 1920w, https:\/\/www.ogrodysta.pl\/wp-content\/uploads\/2026\/02\/warsztat10-225x300.jpg 225w, https:\/\/www.ogrodysta.pl\/wp-content\/uploads\/2026\/02\/warsztat10-768x1024.jpg 768w, https:\/\/www.ogrodysta.pl\/wp-content\/uploads\/2026\/02\/warsztat10-1152x1536.jpg 1152w, https:\/\/www.ogrodysta.pl\/wp-content\/uploads\/2026\/02\/warsztat10-1536x2048.jpg 1536w\" sizes=\"auto, (max-width: 1920px) 100vw, 1920px\" \/><\/a><\/figure>\n\n\n\n<figure class=\"wp-block-image size-full\"><a href=\"https:\/\/www.ogrodysta.pl\/wp-content\/uploads\/2026\/02\/warsztat8-scaled.jpg\"><img loading=\"lazy\" decoding=\"async\" width=\"1920\" height=\"2560\" data-id=\"403\" src=\"https:\/\/www.ogrodysta.pl\/wp-content\/uploads\/2026\/02\/warsztat8-scaled.jpg\" alt=\"\" class=\"wp-image-403\" srcset=\"https:\/\/www.ogrodysta.pl\/wp-content\/uploads\/2026\/02\/warsztat8-scaled.jpg 1920w, https:\/\/www.ogrodysta.pl\/wp-content\/uploads\/2026\/02\/warsztat8-225x300.jpg 225w, https:\/\/www.ogrodysta.pl\/wp-content\/uploads\/2026\/02\/warsztat8-768x1024.jpg 768w, https:\/\/www.ogrodysta.pl\/wp-content\/uploads\/2026\/02\/warsztat8-1152x1536.jpg 1152w, https:\/\/www.ogrodysta.pl\/wp-content\/uploads\/2026\/02\/warsztat8-1536x2048.jpg 1536w\" sizes=\"auto, (max-width: 1920px) 100vw, 1920px\" \/><\/a><\/figure>\n\n\n\n<figure class=\"wp-block-image size-full\"><a href=\"https:\/\/www.ogrodysta.pl\/wp-content\/uploads\/2026\/02\/warsztat5-scaled.jpg\"><img loading=\"lazy\" decoding=\"async\" width=\"1920\" height=\"2560\" data-id=\"400\" src=\"https:\/\/www.ogrodysta.pl\/wp-content\/uploads\/2026\/02\/warsztat5-scaled.jpg\" alt=\"\" class=\"wp-image-400\" srcset=\"https:\/\/www.ogrodysta.pl\/wp-content\/uploads\/2026\/02\/warsztat5-scaled.jpg 1920w, https:\/\/www.ogrodysta.pl\/wp-content\/uploads\/2026\/02\/warsztat5-225x300.jpg 225w, https:\/\/www.ogrodysta.pl\/wp-content\/uploads\/2026\/02\/warsztat5-768x1024.jpg 768w, https:\/\/www.ogrodysta.pl\/wp-content\/uploads\/2026\/02\/warsztat5-1152x1536.jpg 1152w, https:\/\/www.ogrodysta.pl\/wp-content\/uploads\/2026\/02\/warsztat5-1536x2048.jpg 1536w\" sizes=\"auto, (max-width: 1920px) 100vw, 1920px\" \/><\/a><\/figure>\n\n\n\n<figure class=\"wp-block-image size-full\"><a href=\"https:\/\/www.ogrodysta.pl\/wp-content\/uploads\/2026\/02\/warsztat6-scaled.jpg\"><img loading=\"lazy\" decoding=\"async\" width=\"1920\" height=\"2560\" data-id=\"399\" src=\"https:\/\/www.ogrodysta.pl\/wp-content\/uploads\/2026\/02\/warsztat6-scaled.jpg\" alt=\"\" class=\"wp-image-399\" srcset=\"https:\/\/www.ogrodysta.pl\/wp-content\/uploads\/2026\/02\/warsztat6-scaled.jpg 1920w, https:\/\/www.ogrodysta.pl\/wp-content\/uploads\/2026\/02\/warsztat6-225x300.jpg 225w, https:\/\/www.ogrodysta.pl\/wp-content\/uploads\/2026\/02\/warsztat6-768x1024.jpg 768w, https:\/\/www.ogrodysta.pl\/wp-content\/uploads\/2026\/02\/warsztat6-1152x1536.jpg 1152w, https:\/\/www.ogrodysta.pl\/wp-content\/uploads\/2026\/02\/warsztat6-1536x2048.jpg 1536w\" sizes=\"auto, (max-width: 1920px) 100vw, 1920px\" \/><\/a><\/figure>\n\n\n\n<figure class=\"wp-block-image size-full\"><a href=\"https:\/\/www.ogrodysta.pl\/wp-content\/uploads\/2026\/02\/warsztat9-scaled.jpg\"><img loading=\"lazy\" decoding=\"async\" width=\"1920\" height=\"2560\" data-id=\"406\" src=\"https:\/\/www.ogrodysta.pl\/wp-content\/uploads\/2026\/02\/warsztat9-scaled.jpg\" alt=\"\" class=\"wp-image-406\" srcset=\"https:\/\/www.ogrodysta.pl\/wp-content\/uploads\/2026\/02\/warsztat9-scaled.jpg 1920w, https:\/\/www.ogrodysta.pl\/wp-content\/uploads\/2026\/02\/warsztat9-225x300.jpg 225w, https:\/\/www.ogrodysta.pl\/wp-content\/uploads\/2026\/02\/warsztat9-768x1024.jpg 768w, https:\/\/www.ogrodysta.pl\/wp-content\/uploads\/2026\/02\/warsztat9-1152x1536.jpg 1152w, https:\/\/www.ogrodysta.pl\/wp-content\/uploads\/2026\/02\/warsztat9-1536x2048.jpg 1536w\" sizes=\"auto, (max-width: 1920px) 100vw, 1920px\" \/><\/a><\/figure>\n\n\n\n<figure class=\"wp-block-image size-full\"><a href=\"https:\/\/www.ogrodysta.pl\/wp-content\/uploads\/2026\/02\/warsztat7-scaled.jpg\"><img loading=\"lazy\" decoding=\"async\" width=\"1920\" height=\"2560\" data-id=\"408\" src=\"https:\/\/www.ogrodysta.pl\/wp-content\/uploads\/2026\/02\/warsztat7-scaled.jpg\" alt=\"\" class=\"wp-image-408\" srcset=\"https:\/\/www.ogrodysta.pl\/wp-content\/uploads\/2026\/02\/warsztat7-scaled.jpg 1920w, https:\/\/www.ogrodysta.pl\/wp-content\/uploads\/2026\/02\/warsztat7-225x300.jpg 225w, https:\/\/www.ogrodysta.pl\/wp-content\/uploads\/2026\/02\/warsztat7-768x1024.jpg 768w, https:\/\/www.ogrodysta.pl\/wp-content\/uploads\/2026\/02\/warsztat7-1152x1536.jpg 1152w, https:\/\/www.ogrodysta.pl\/wp-content\/uploads\/2026\/02\/warsztat7-1536x2048.jpg 1536w\" sizes=\"auto, (max-width: 1920px) 100vw, 1920px\" \/><\/a><\/figure>\n\n\n\n<figure class=\"wp-block-image size-full\"><a href=\"https:\/\/www.ogrodysta.pl\/wp-content\/uploads\/2026\/02\/warsztat7-1-scaled.jpg\"><img loading=\"lazy\" decoding=\"async\" width=\"1920\" height=\"2560\" data-id=\"409\" src=\"https:\/\/www.ogrodysta.pl\/wp-content\/uploads\/2026\/02\/warsztat7-1-scaled.jpg\" alt=\"\" class=\"wp-image-409\" srcset=\"https:\/\/www.ogrodysta.pl\/wp-content\/uploads\/2026\/02\/warsztat7-1-scaled.jpg 1920w, https:\/\/www.ogrodysta.pl\/wp-content\/uploads\/2026\/02\/warsztat7-1-225x300.jpg 225w, https:\/\/www.ogrodysta.pl\/wp-content\/uploads\/2026\/02\/warsztat7-1-768x1024.jpg 768w, https:\/\/www.ogrodysta.pl\/wp-content\/uploads\/2026\/02\/warsztat7-1-1152x1536.jpg 1152w, https:\/\/www.ogrodysta.pl\/wp-content\/uploads\/2026\/02\/warsztat7-1-1536x2048.jpg 1536w\" sizes=\"auto, (max-width: 1920px) 100vw, 1920px\" \/><\/a><\/figure>\n\n\n\n<figure class=\"wp-block-image size-full\"><a href=\"https:\/\/www.ogrodysta.pl\/wp-content\/uploads\/2026\/03\/20251207_112618-scaled.jpg\"><img loading=\"lazy\" decoding=\"async\" width=\"2560\" height=\"1196\" data-id=\"1220\" src=\"https:\/\/www.ogrodysta.pl\/wp-content\/uploads\/2026\/03\/20251207_112618-scaled.jpg\" alt=\"\" class=\"wp-image-1220\" srcset=\"https:\/\/www.ogrodysta.pl\/wp-content\/uploads\/2026\/03\/20251207_112618-scaled.jpg 2560w, https:\/\/www.ogrodysta.pl\/wp-content\/uploads\/2026\/03\/20251207_112618-300x140.jpg 300w, https:\/\/www.ogrodysta.pl\/wp-content\/uploads\/2026\/03\/20251207_112618-1024x478.jpg 1024w, https:\/\/www.ogrodysta.pl\/wp-content\/uploads\/2026\/03\/20251207_112618-768x359.jpg 768w, https:\/\/www.ogrodysta.pl\/wp-content\/uploads\/2026\/03\/20251207_112618-1536x717.jpg 1536w, https:\/\/www.ogrodysta.pl\/wp-content\/uploads\/2026\/03\/20251207_112618-2048x956.jpg 2048w\" sizes=\"auto, (max-width: 2560px) 100vw, 2560px\" \/><\/a><\/figure>\n\n\n\n<figure class=\"wp-block-image size-full\"><a href=\"https:\/\/www.ogrodysta.pl\/wp-content\/uploads\/2026\/03\/FB_IMG_1767024373242.jpg\"><img loading=\"lazy\" decoding=\"async\" width=\"2016\" height=\"954\" data-id=\"896\" src=\"https:\/\/www.ogrodysta.pl\/wp-content\/uploads\/2026\/03\/FB_IMG_1767024373242.jpg\" alt=\"\" class=\"wp-image-896\" srcset=\"https:\/\/www.ogrodysta.pl\/wp-content\/uploads\/2026\/03\/FB_IMG_1767024373242.jpg 2016w, https:\/\/www.ogrodysta.pl\/wp-content\/uploads\/2026\/03\/FB_IMG_1767024373242-300x142.jpg 300w, https:\/\/www.ogrodysta.pl\/wp-content\/uploads\/2026\/03\/FB_IMG_1767024373242-1024x485.jpg 1024w, https:\/\/www.ogrodysta.pl\/wp-content\/uploads\/2026\/03\/FB_IMG_1767024373242-768x363.jpg 768w, https:\/\/www.ogrodysta.pl\/wp-content\/uploads\/2026\/03\/FB_IMG_1767024373242-1536x727.jpg 1536w\" sizes=\"auto, (max-width: 2016px) 100vw, 2016px\" \/><\/a><\/figure>\n\n\n\n<figure class=\"wp-block-image size-full\"><a href=\"https:\/\/www.ogrodysta.pl\/wp-content\/uploads\/2026\/03\/FB_IMG_1767024386829.jpg\"><img loading=\"lazy\" decoding=\"async\" width=\"954\" height=\"2016\" data-id=\"900\" src=\"https:\/\/www.ogrodysta.pl\/wp-content\/uploads\/2026\/03\/FB_IMG_1767024386829.jpg\" alt=\"\" class=\"wp-image-900\" srcset=\"https:\/\/www.ogrodysta.pl\/wp-content\/uploads\/2026\/03\/FB_IMG_1767024386829.jpg 954w, https:\/\/www.ogrodysta.pl\/wp-content\/uploads\/2026\/03\/FB_IMG_1767024386829-142x300.jpg 142w, https:\/\/www.ogrodysta.pl\/wp-content\/uploads\/2026\/03\/FB_IMG_1767024386829-485x1024.jpg 485w, https:\/\/www.ogrodysta.pl\/wp-content\/uploads\/2026\/03\/FB_IMG_1767024386829-768x1623.jpg 768w, https:\/\/www.ogrodysta.pl\/wp-content\/uploads\/2026\/03\/FB_IMG_1767024386829-727x1536.jpg 727w\" sizes=\"auto, (max-width: 954px) 100vw, 954px\" \/><\/a><\/figure>\n\n\n\n<figure class=\"wp-block-image size-full\"><a href=\"https:\/\/www.ogrodysta.pl\/wp-content\/uploads\/2026\/03\/FB_IMG_1767024395102.jpg\"><img loading=\"lazy\" decoding=\"async\" width=\"954\" height=\"2016\" data-id=\"902\" src=\"https:\/\/www.ogrodysta.pl\/wp-content\/uploads\/2026\/03\/FB_IMG_1767024395102.jpg\" alt=\"\" class=\"wp-image-902\" srcset=\"https:\/\/www.ogrodysta.pl\/wp-content\/uploads\/2026\/03\/FB_IMG_1767024395102.jpg 954w, https:\/\/www.ogrodysta.pl\/wp-content\/uploads\/2026\/03\/FB_IMG_1767024395102-142x300.jpg 142w, https:\/\/www.ogrodysta.pl\/wp-content\/uploads\/2026\/03\/FB_IMG_1767024395102-485x1024.jpg 485w, https:\/\/www.ogrodysta.pl\/wp-content\/uploads\/2026\/03\/FB_IMG_1767024395102-768x1623.jpg 768w, https:\/\/www.ogrodysta.pl\/wp-content\/uploads\/2026\/03\/FB_IMG_1767024395102-727x1536.jpg 727w\" sizes=\"auto, (max-width: 954px) 100vw, 954px\" \/><\/a><\/figure>\n\n\n\n<figure class=\"wp-block-image size-full\"><a href=\"https:\/\/www.ogrodysta.pl\/wp-content\/uploads\/2026\/03\/FB_IMG_1767024391199.jpg\"><img loading=\"lazy\" decoding=\"async\" width=\"757\" height=\"1600\" data-id=\"901\" src=\"https:\/\/www.ogrodysta.pl\/wp-content\/uploads\/2026\/03\/FB_IMG_1767024391199.jpg\" alt=\"\" class=\"wp-image-901\" srcset=\"https:\/\/www.ogrodysta.pl\/wp-content\/uploads\/2026\/03\/FB_IMG_1767024391199.jpg 757w, https:\/\/www.ogrodysta.pl\/wp-content\/uploads\/2026\/03\/FB_IMG_1767024391199-142x300.jpg 142w, https:\/\/www.ogrodysta.pl\/wp-content\/uploads\/2026\/03\/FB_IMG_1767024391199-484x1024.jpg 484w, https:\/\/www.ogrodysta.pl\/wp-content\/uploads\/2026\/03\/FB_IMG_1767024391199-727x1536.jpg 727w\" sizes=\"auto, (max-width: 757px) 100vw, 757px\" \/><\/a><\/figure>\n\n\n\n<figure class=\"wp-block-image size-full\"><a href=\"https:\/\/www.ogrodysta.pl\/wp-content\/uploads\/2026\/03\/FB_IMG_1767024383718.jpg\"><img loading=\"lazy\" decoding=\"async\" width=\"2016\" height=\"954\" data-id=\"899\" src=\"https:\/\/www.ogrodysta.pl\/wp-content\/uploads\/2026\/03\/FB_IMG_1767024383718.jpg\" alt=\"\" class=\"wp-image-899\" srcset=\"https:\/\/www.ogrodysta.pl\/wp-content\/uploads\/2026\/03\/FB_IMG_1767024383718.jpg 2016w, https:\/\/www.ogrodysta.pl\/wp-content\/uploads\/2026\/03\/FB_IMG_1767024383718-300x142.jpg 300w, https:\/\/www.ogrodysta.pl\/wp-content\/uploads\/2026\/03\/FB_IMG_1767024383718-1024x485.jpg 1024w, https:\/\/www.ogrodysta.pl\/wp-content\/uploads\/2026\/03\/FB_IMG_1767024383718-768x363.jpg 768w, https:\/\/www.ogrodysta.pl\/wp-content\/uploads\/2026\/03\/FB_IMG_1767024383718-1536x727.jpg 1536w\" sizes=\"auto, (max-width: 2016px) 100vw, 2016px\" \/><\/a><\/figure>\n\n\n\n<figure class=\"wp-block-image size-full\"><a href=\"https:\/\/www.ogrodysta.pl\/wp-content\/uploads\/2026\/03\/FB_IMG_1767024380148.jpg\"><img loading=\"lazy\" decoding=\"async\" width=\"954\" height=\"2016\" data-id=\"898\" src=\"https:\/\/www.ogrodysta.pl\/wp-content\/uploads\/2026\/03\/FB_IMG_1767024380148.jpg\" alt=\"\" class=\"wp-image-898\" srcset=\"https:\/\/www.ogrodysta.pl\/wp-content\/uploads\/2026\/03\/FB_IMG_1767024380148.jpg 954w, https:\/\/www.ogrodysta.pl\/wp-content\/uploads\/2026\/03\/FB_IMG_1767024380148-142x300.jpg 142w, https:\/\/www.ogrodysta.pl\/wp-content\/uploads\/2026\/03\/FB_IMG_1767024380148-485x1024.jpg 485w, https:\/\/www.ogrodysta.pl\/wp-content\/uploads\/2026\/03\/FB_IMG_1767024380148-768x1623.jpg 768w, https:\/\/www.ogrodysta.pl\/wp-content\/uploads\/2026\/03\/FB_IMG_1767024380148-727x1536.jpg 727w\" sizes=\"auto, (max-width: 954px) 100vw, 954px\" \/><\/a><\/figure>\n\n\n\n<figure class=\"wp-block-image size-full\"><a href=\"https:\/\/www.ogrodysta.pl\/wp-content\/uploads\/2026\/03\/FB_IMG_1767024376052.jpg\"><img loading=\"lazy\" decoding=\"async\" width=\"757\" height=\"1600\" data-id=\"897\" src=\"https:\/\/www.ogrodysta.pl\/wp-content\/uploads\/2026\/03\/FB_IMG_1767024376052.jpg\" alt=\"\" class=\"wp-image-897\" srcset=\"https:\/\/www.ogrodysta.pl\/wp-content\/uploads\/2026\/03\/FB_IMG_1767024376052.jpg 757w, https:\/\/www.ogrodysta.pl\/wp-content\/uploads\/2026\/03\/FB_IMG_1767024376052-142x300.jpg 142w, https:\/\/www.ogrodysta.pl\/wp-content\/uploads\/2026\/03\/FB_IMG_1767024376052-484x1024.jpg 484w, https:\/\/www.ogrodysta.pl\/wp-content\/uploads\/2026\/03\/FB_IMG_1767024376052-727x1536.jpg 727w\" sizes=\"auto, (max-width: 757px) 100vw, 757px\" \/><\/a><\/figure>\n<\/figure>\n","protected":false},"excerpt":{"rendered":"<p>Zobacz, jak wygl\u0105daj\u0105 nasze warsztaty \u2013 pe\u0142ne inspiracji, zieleni i wsp\u00f3lnej pracy z ro\u015blinami.<\/p>\n","protected":false},"author":1,"featured_media":0,"parent":0,"menu_order":0,"comment_status":"closed","ping_status":"closed","template":"","meta":{"footnotes":""},"class_list":["post-133","page","type-page","status-publish","hentry"],"_links":{"self":[{"href":"https:\/\/www.ogrodysta.pl\/index.php?rest_route=\/wp\/v2\/pages\/133","targetHints":{"allow":["GET"]}}],"collection":[{"href":"https:\/\/www.ogrodysta.pl\/index.php?rest_route=\/wp\/v2\/pages"}],"about":[{"href":"https:\/\/www.ogrodysta.pl\/index.php?rest_route=\/wp\/v2\/types\/page"}],"author":[{"embeddable":true,"href":"https:\/\/www.ogrodysta.pl\/index.php?rest_route=\/wp\/v2\/users\/1"}],"replies":[{"embeddable":true,"href":"https:\/\/www.ogrodysta.pl\/index.php?rest_route=%2Fwp%2Fv2%2Fcomments&post=133"}],"version-history":[{"count":7,"href":"https:\/\/www.ogrodysta.pl\/index.php?rest_route=\/wp\/v2\/pages\/133\/revisions"}],"predecessor-version":[{"id":1275,"href":"https:\/\/www.ogrodysta.pl\/index.php?rest_route=\/wp\/v2\/pages\/133\/revisions\/1275"}],"wp:attachment":[{"href":"https:\/\/www.ogrodysta.pl\/index.php?rest_route=%2Fwp%2Fv2%2Fmedia&parent=133"}],"curies":[{"name":"wp","href":"https:\/\/api.w.org\/{rel}","templated":true}]}}